{"id":386,"date":"2022-04-17T17:24:41","date_gmt":"2022-04-17T16:24:41","guid":{"rendered":"http:\/\/kervilor.fr\/worpress\/?page_id=386"},"modified":"2022-05-27T08:12:52","modified_gmt":"2022-05-27T07:12:52","slug":"le-capitaine-ou-accompagnateur-experimente","status":"publish","type":"page","link":"https:\/\/kervilor.fr\/worpress\/le-capitaine-ou-accompagnateur-experimente\/","title":{"rendered":"Le capitaine"},"content":{"rendered":"\n<figure class=\"wp-block-image size-large is-resized\"><a href=\"https:\/\/kervilor.fr\/worpress\/wp-content\/uploads\/2022\/04\/CIMG2578-scaled.jpg\"><img decoding=\"async\" loading=\"lazy\" src=\"https:\/\/kervilor.fr\/worpress\/wp-content\/uploads\/2022\/04\/CIMG2578-1024x768.jpg\" alt=\"\" class=\"wp-image-388\" width=\"493\" height=\"370\" srcset=\"https:\/\/kervilor.fr\/worpress\/wp-content\/uploads\/2022\/04\/CIMG2578-1024x768.jpg 1024w, https:\/\/kervilor.fr\/worpress\/wp-content\/uploads\/2022\/04\/CIMG2578-300x225.jpg 300w, https:\/\/kervilor.fr\/worpress\/wp-content\/uploads\/2022\/04\/CIMG2578-768x576.jpg 768w, https:\/\/kervilor.fr\/worpress\/wp-content\/uploads\/2022\/04\/CIMG2578-1536x1152.jpg 1536w, https:\/\/kervilor.fr\/worpress\/wp-content\/uploads\/2022\/04\/CIMG2578-2048x1536.jpg 2048w\" sizes=\"(max-width: 493px) 100vw, 493px\" \/><\/a><\/figure>\n\n\n\n<p>Le bateau est skipp\u00e9 par son propri\u00e9taire dans le cadre d&rsquo;une co-navigation<\/p>\n\n\n\n<p>La co-navigation est l&rsquo;utilisation en commun du bateau de plaisance de l&rsquo;Assur\u00e9, par lui-m\u00eame en tant que chef de bord non professionnel et un ou plusieurs \u00e9quipiers majeurs (ou mineur accompagn\u00e9) pour une navigation de loisir partag\u00e9e.<\/p>\n\n\n\n<p><\/p>\n\n\n\n<p>Propri\u00e9taire skipper du bateau \u00a0:<\/p>\n\n\n\n<p>FRAN\u00c7AIS Christian<\/p>\n\n\n\n<p>7 kervilor<\/p>\n\n\n\n<p>56470 La Trinit\u00e9 sur mer<\/p>\n\n\n\n<p>T\u00e9l&nbsp;: 06 99 28 14 14&nbsp;<\/p>\n\n\n\n<p>Mail&nbsp;:&nbsp;<a href=\"mailto:christian.francais@laposte.net\">chris.francais<\/a>@laposte.net<\/p>\n\n\n\n<p><strong>curriculum vitae nautique :<\/strong><\/p>\n\n\n\n<p>Titulaire du permis moteur depuis 2009<\/p>\n\n\n\n<p>Titulaire du permis hauturier depuis 2009<\/p>\n\n\n\n<p>Titulaire du certificat restreint de radiot\u00e9l\u00e9graphie depuis 2009<\/p>\n\n\n\n<p>Titulaire du permis fluvial depuis 2020<\/p>\n\n\n\n<p>Propri\u00e9taire et skipper d\u2019un oc\u00e9anis 300 et d\u2019un first 325 entre 2009 et 2020, nombreuses navigations (Angleterre, Espagne, Manche et  Cotes Atlantiques)<\/p>\n\n\n\n<p>Skipper d\u2019un first 31.7<\/p>\n\n\n\n<p>Equipier r\u00e9gulier d\u2019un oc\u00e9anis 46 (m\u00e9diterran\u00e9e et atlantique) et oc\u00e9anis 34 (manche et atlantique)<\/p>\n\n\n\n<p>Equipier occasionnel d\u2019un Jumbo 40 (manche et Angleterre) et convoyage d\u2019un ETAP 37 depuis le Portugal jusqu&rsquo;\u00e0 La Trinit\u00e9 sur mer<\/p>\n\n\n\n<p>Propri\u00e9taire et skipper de JOLLY JUMPER, BAYLINER 285 depuis juillet 2020  ramen\u00e9 d&rsquo;Hy\u00e8res \u00e0 la Trinit\u00e9 sur mer par la mer m\u00e9diterran\u00e9e et le canal du midi.<\/p>\n\n\n\n<p><\/p>\n","protected":false},"excerpt":{"rendered":"<p>Le bateau est skipp\u00e9 par son propri\u00e9taire dans le cadre d&rsquo;une co-navigation La co-navigation est l&rsquo;utilisation en commun du bateau de plaisance de l&rsquo;Assur\u00e9, par lui-m\u00eame en tant que chef de bord non professionnel et un ou plusieurs \u00e9quipiers majeurs (ou mineur accompagn\u00e9) pour une navigation de loisir partag\u00e9e. Propri\u00e9taire skipper du bateau \u00a0: FRAN\u00c7AIS &hellip; <a href=\"https:\/\/kervilor.fr\/worpress\/le-capitaine-ou-accompagnateur-experimente\/\" class=\"more-link\">Continuer la lecture de <span class=\"screen-reader-text\">Le capitaine<\/span>  <span class=\"meta-nav\">&rarr;<\/span><\/a><\/p>\n","protected":false},"author":1,"featured_media":0,"parent":0,"menu_order":0,"comment_status":"closed","ping_status":"closed","template":"","meta":{"footnotes":""},"_links":{"self":[{"href":"https:\/\/kervilor.fr\/worpress\/wp-json\/wp\/v2\/pages\/386"}],"collection":[{"href":"https:\/\/kervilor.fr\/worpress\/wp-json\/wp\/v2\/pages"}],"about":[{"href":"https:\/\/kervilor.fr\/worpress\/wp-json\/wp\/v2\/types\/page"}],"author":[{"embeddable":true,"href":"https:\/\/kervilor.fr\/worpress\/wp-json\/wp\/v2\/users\/1"}],"replies":[{"embeddable":true,"href":"https:\/\/kervilor.fr\/worpress\/wp-json\/wp\/v2\/comments?post=386"}],"version-history":[{"count":7,"href":"https:\/\/kervilor.fr\/worpress\/wp-json\/wp\/v2\/pages\/386\/revisions"}],"predecessor-version":[{"id":443,"href":"https:\/\/kervilor.fr\/worpress\/wp-json\/wp\/v2\/pages\/386\/revisions\/443"}],"wp:attachment":[{"href":"https:\/\/kervilor.fr\/worpress\/wp-json\/wp\/v2\/media?parent=386"}],"curies":[{"name":"wp","href":"https:\/\/api.w.org\/{rel}","templated":true}]}}